{"id":4928,"date":"2016-08-01T11:45:20","date_gmt":"2016-08-01T09:45:20","guid":{"rendered":"https:\/\/www.balkaneros.cz\/reservierungen\/"},"modified":"2024-09-26T13:05:55","modified_gmt":"2024-09-26T11:05:55","slug":"reservierungen","status":"publish","type":"page","link":"https:\/\/www.balkaneros.cz\/de\/reservierungen\/","title":{"rendered":"Reservierungen"},"content":{"rendered":"<p>[et_pb_section fb_built=&#8220;1&#8243; admin_label=&#8220;section&#8220; _builder_version=&#8220;4.16&#8243; global_colors_info=&#8220;{}&#8220;][et_pb_row _builder_version=&#8220;4.21.0&#8243; _module_preset=&#8220;default&#8220; max_width=&#8220;900px&#8220; max_width_tablet=&#8220;900px&#8220; max_width_phone=&#8220;900px&#8220; max_width_last_edited=&#8220;on|desktop&#8220; global_colors_info=&#8220;{}&#8220;][et_pb_column type=&#8220;4_4&#8243; _builder_version=&#8220;4.19.2&#8243; _module_preset=&#8220;default&#8220; global_colors_info=&#8220;{}&#8220;][et_pb_contact_form captcha=&#8220;off&#8220; email=&#8220;objednavky@balkaneros.cz&#8220; title=&#8220;Neubelegung von Tischen&#8220; custom_message=&#8220;Zpr\u00e1va z webu Balakneros.cz-Rezervace stol\u016f||et_pb_line_break_holder||||et_pb_line_break_holder||Odes\u00edlatel: %%name%%||et_pb_line_break_holder||||et_pb_line_break_holder||Telefon: %%phone%%||et_pb_line_break_holder||||et_pb_line_break_holder||Email: %%email%%||et_pb_line_break_holder||||et_pb_line_break_holder||Po\u017eadovan\u00e9 datum: %%datum%%||et_pb_line_break_holder||||et_pb_line_break_holder||Po\u010det lid\u00ed: %%people%%||et_pb_line_break_holder||||et_pb_line_break_holder||Zpr\u00e1va: %%message%%&#8220; success_message=&#8220;Gesendet! Warten Sie auf die Best\u00e4tigung des Restaurants&#8220; submit_button_text=&#8220;Reservierung senden&#8220; _builder_version=&#8220;4.22.1&#8243; _module_preset=&#8220;e82d8cbf-cc4b-48d0-90ea-498fc75684c3&#8243; _unique_id=&#8220;37352547-b97b-4413-85e2-b00056b20234&#8243; title_font=&#8220;Aboreto||||||||&#8220; title_font_size=&#8220;37px&#8220; form_field_font=&#8220;Aboreto||||||||&#8220; form_field_font_size=&#8220;18px&#8220; button_bg_color=&#8220;#CA0808&#8243; button_border_width=&#8220;3px&#8220; button_border_color=&#8220;#CA0808&#8243; button_font=&#8220;Aboreto|700|||||||&#8220; hover_enabled=&#8220;0&#8243; title_font_size_tablet=&#8220;37px&#8220; title_font_size_phone=&#8220;30px&#8220; title_font_size_last_edited=&#8220;on|phone&#8220; form_field_font_size_tablet=&#8220;17px&#8220; form_field_font_size_phone=&#8220;15px&#8220; form_field_font_size_last_edited=&#8220;on|desktop&#8220; locked=&#8220;off&#8220; global_colors_info=&#8220;{}&#8220; button_letter_spacing__hover_enabled=&#8220;on|desktop&#8220; button_letter_spacing__hover=&#8220;1px&#8220; sticky_enabled=&#8220;0&#8243;][et_pb_contact_field field_id=&#8220;Name&#8220; field_title=&#8220;Name&#8220; fullwidth_field=&#8220;on&#8220; _builder_version=&#8220;4.21.0&#8243; _module_preset=&#8220;default&#8220; global_colors_info=&#8220;{}&#8220; button_text_size__hover_enabled=&#8220;off&#8220; button_one_text_size__hover_enabled=&#8220;off&#8220; button_two_text_size__hover_enabled=&#8220;off&#8220; button_text_color__hover_enabled=&#8220;off&#8220; button_one_text_color__hover_enabled=&#8220;off&#8220; button_two_text_color__hover_enabled=&#8220;off&#8220; button_border_width__hover_enabled=&#8220;off&#8220; button_one_border_width__hover_enabled=&#8220;off&#8220; button_two_border_width__hover_enabled=&#8220;off&#8220; button_border_color__hover_enabled=&#8220;off&#8220; button_one_border_color__hover_enabled=&#8220;off&#8220; button_two_border_color__hover_enabled=&#8220;off&#8220; button_border_radius__hover_enabled=&#8220;off&#8220; button_one_border_radius__hover_enabled=&#8220;off&#8220; button_two_border_radius__hover_enabled=&#8220;off&#8220; button_letter_spacing__hover_enabled=&#8220;off&#8220; button_one_letter_spacing__hover_enabled=&#8220;off&#8220; button_two_letter_spacing__hover_enabled=&#8220;off&#8220; button_bg_color__hover_enabled=&#8220;off&#8220; button_one_bg_color__hover_enabled=&#8220;off&#8220; button_two_bg_color__hover_enabled=&#8220;off&#8220;][\/et_pb_contact_field][et_pb_contact_field field_id=&#8220;phone&#8220; field_title=&#8220;Telefon&#8220; fullwidth_field=&#8220;on&#8220; _builder_version=&#8220;4.21.0&#8243; _module_preset=&#8220;default&#8220; global_colors_info=&#8220;{}&#8220;][\/et_pb_contact_field][et_pb_contact_field field_id=&#8220;Email&#8220; field_title=&#8220;E-Mail&#8220; field_type=&#8220;email&#8220; fullwidth_field=&#8220;on&#8220; _builder_version=&#8220;4.21.0&#8243; _module_preset=&#8220;default&#8220; global_colors_info=&#8220;{}&#8220; button_text_size__hover_enabled=&#8220;off&#8220; button_one_text_size__hover_enabled=&#8220;off&#8220; button_two_text_size__hover_enabled=&#8220;off&#8220; button_text_color__hover_enabled=&#8220;off&#8220; button_one_text_color__hover_enabled=&#8220;off&#8220; button_two_text_color__hover_enabled=&#8220;off&#8220; button_border_width__hover_enabled=&#8220;off&#8220; button_one_border_width__hover_enabled=&#8220;off&#8220; button_two_border_width__hover_enabled=&#8220;off&#8220; button_border_color__hover_enabled=&#8220;off&#8220; button_one_border_color__hover_enabled=&#8220;off&#8220; button_two_border_color__hover_enabled=&#8220;off&#8220; button_border_radius__hover_enabled=&#8220;off&#8220; button_one_border_radius__hover_enabled=&#8220;off&#8220; button_two_border_radius__hover_enabled=&#8220;off&#8220; button_letter_spacing__hover_enabled=&#8220;off&#8220; button_one_letter_spacing__hover_enabled=&#8220;off&#8220; button_two_letter_spacing__hover_enabled=&#8220;off&#8220; button_bg_color__hover_enabled=&#8220;off&#8220; button_one_bg_color__hover_enabled=&#8220;off&#8220; button_two_bg_color__hover_enabled=&#8220;off&#8220;][\/et_pb_contact_field][et_pb_contact_field field_id=&#8220;datum&#8220; field_title=&#8220;Datum&#8220; fullwidth_field=&#8220;on&#8220; _builder_version=&#8220;4.21.0&#8243; _module_preset=&#8220;default&#8220; global_colors_info=&#8220;{}&#8220;][\/et_pb_contact_field][et_pb_contact_field field_id=&#8220;people&#8220; field_title=&#8220;Anzahl der Personen&#8220; fullwidth_field=&#8220;on&#8220; _builder_version=&#8220;4.21.0&#8243; _module_preset=&#8220;default&#8220; global_colors_info=&#8220;{}&#8220;][\/et_pb_contact_field][et_pb_contact_field field_id=&#8220;Message&#8220; field_title=&#8220;Bericht&#8220; field_type=&#8220;text&#8220; fullwidth_field=&#8220;on&#8220; _builder_version=&#8220;4.21.0&#8243; _module_preset=&#8220;default&#8220; form_field_font=&#8220;Aboreto||||||||&#8220; global_colors_info=&#8220;{}&#8220; button_text_size__hover_enabled=&#8220;off&#8220; button_one_text_size__hover_enabled=&#8220;off&#8220; button_two_text_size__hover_enabled=&#8220;off&#8220; button_text_color__hover_enabled=&#8220;off&#8220; button_one_text_color__hover_enabled=&#8220;off&#8220; button_two_text_color__hover_enabled=&#8220;off&#8220; button_border_width__hover_enabled=&#8220;off&#8220; button_one_border_width__hover_enabled=&#8220;off&#8220; button_two_border_width__hover_enabled=&#8220;off&#8220; button_border_color__hover_enabled=&#8220;off&#8220; button_one_border_color__hover_enabled=&#8220;off&#8220; button_two_border_color__hover_enabled=&#8220;off&#8220; button_border_radius__hover_enabled=&#8220;off&#8220; button_one_border_radius__hover_enabled=&#8220;off&#8220; button_two_border_radius__hover_enabled=&#8220;off&#8220; button_letter_spacing__hover_enabled=&#8220;off&#8220; button_one_letter_spacing__hover_enabled=&#8220;off&#8220; button_two_letter_spacing__hover_enabled=&#8220;off&#8220; button_bg_color__hover_enabled=&#8220;off&#8220; button_one_bg_color__hover_enabled=&#8220;off&#8220; button_two_bg_color__hover_enabled=&#8220;off&#8220;][\/et_pb_contact_field][et_pb_contact_field fullwidth_field=&#8220;on&#8220; _builder_version=&#8220;4.22.1&#8243; _module_preset=&#8220;default&#8220; field_id=&#8220;gdpr&#8220; field_title=&#8220; &#8220; field_type=&#8220;checkbox&#8220; checkbox_options=&#8220;%91{%22value%22:%22 Ich bin mit der Verarbeitung meiner pers\u00f6nlichen Daten einverstanden. Datenschutzrichtlinie %22,%22checked%22:0,%22dragID%22:-1,%22link_url%22:%22\\\/zasady-ochrany-osobnich-udaju\\\/%22}%93&#8243; hover_enabled=&#8220;0&#8243; sticky_enabled=&#8220;0&#8243;][\/et_pb_contact_field][\/et_pb_contact_form][\/et_pb_column][\/et_pb_row][\/et_pb_section]<\/p>\n","protected":false},"excerpt":{"rendered":"","protected":false},"author":1,"featured_media":0,"parent":0,"menu_order":0,"comment_status":"closed","ping_status":"closed","template":"","meta":{"_et_pb_use_builder":"on","_et_pb_old_content":"","_et_gb_content_width":"","footnotes":""},"class_list":["post-4928","page","type-page","status-publish","hentry"],"yoast_head":"<!-- This site is optimized with the Yoast SEO plugin v26.5 - https:\/\/yoast.com\/wordpress\/plugins\/seo\/ -->\n<title>Reservierungen - Restaurant Balka\u0148eros<\/title>\n<meta name=\"robots\" content=\"index, follow, max-snippet:-1, max-image-preview:large, max-video-preview:-1\" \/>\n<link rel=\"canonical\" href=\"https:\/\/www.balkaneros.cz\/de\/reservierungen\/\" \/>\n<meta property=\"og:locale\" content=\"de_DE\" \/>\n<meta property=\"og:type\" content=\"article\" \/>\n<meta property=\"og:title\" content=\"Reservierungen - Restaurant Balka\u0148eros\" \/>\n<meta property=\"og:url\" content=\"https:\/\/www.balkaneros.cz\/de\/reservierungen\/\" \/>\n<meta property=\"og:site_name\" content=\"Restaurant Balka\u0148eros\" \/>\n<meta property=\"article:publisher\" content=\"https:\/\/www.facebook.com\/Balkaneros.cz\" \/>\n<meta property=\"article:modified_time\" content=\"2024-09-26T11:05:55+00:00\" \/>\n<meta name=\"twitter:card\" content=\"summary_large_image\" \/>\n<meta name=\"twitter:label1\" content=\"Gesch\u00e4tzte Lesezeit\" \/>\n\t<meta name=\"twitter:data1\" content=\"5\u00a0Minuten\" \/>\n<script type=\"application\/ld+json\" class=\"yoast-schema-graph\">{\"@context\":\"https:\/\/schema.org\",\"@graph\":[{\"@type\":\"WebPage\",\"@id\":\"https:\/\/www.balkaneros.cz\/de\/reservierungen\/\",\"url\":\"https:\/\/www.balkaneros.cz\/de\/reservierungen\/\",\"name\":\"Reservierungen - Restaurant Balka\u0148eros\",\"isPartOf\":{\"@id\":\"https:\/\/www.balkaneros.cz\/#website\"},\"datePublished\":\"2016-08-01T09:45:20+00:00\",\"dateModified\":\"2024-09-26T11:05:55+00:00\",\"breadcrumb\":{\"@id\":\"https:\/\/www.balkaneros.cz\/de\/reservierungen\/#breadcrumb\"},\"inLanguage\":\"de\",\"potentialAction\":[{\"@type\":\"ReadAction\",\"target\":[\"https:\/\/www.balkaneros.cz\/de\/reservierungen\/\"]}]},{\"@type\":\"BreadcrumbList\",\"@id\":\"https:\/\/www.balkaneros.cz\/de\/reservierungen\/#breadcrumb\",\"itemListElement\":[{\"@type\":\"ListItem\",\"position\":1,\"name\":\"Dom\u016f\",\"item\":\"https:\/\/www.balkaneros.cz\/de\/restaurant\/\"},{\"@type\":\"ListItem\",\"position\":2,\"name\":\"Reservierungen\"}]},{\"@type\":\"WebSite\",\"@id\":\"https:\/\/www.balkaneros.cz\/#website\",\"url\":\"https:\/\/www.balkaneros.cz\/\",\"name\":\"Restaurace Balka\u0148eros\",\"description\":\"Original Croatian Food\",\"publisher\":{\"@id\":\"https:\/\/www.balkaneros.cz\/#organization\"},\"potentialAction\":[{\"@type\":\"SearchAction\",\"target\":{\"@type\":\"EntryPoint\",\"urlTemplate\":\"https:\/\/www.balkaneros.cz\/?s={search_term_string}\"},\"query-input\":{\"@type\":\"PropertyValueSpecification\",\"valueRequired\":true,\"valueName\":\"search_term_string\"}}],\"inLanguage\":\"de\"},{\"@type\":\"Organization\",\"@id\":\"https:\/\/www.balkaneros.cz\/#organization\",\"name\":\"Restaurace Balka\u0148eros\",\"url\":\"https:\/\/www.balkaneros.cz\/\",\"logo\":{\"@type\":\"ImageObject\",\"inLanguage\":\"de\",\"@id\":\"https:\/\/www.balkaneros.cz\/#\/schema\/logo\/image\/\",\"url\":\"https:\/\/www.balkaneros.cz\/wp-content\/uploads\/2023\/07\/Logo-transp-300x300-2.png\",\"contentUrl\":\"https:\/\/www.balkaneros.cz\/wp-content\/uploads\/2023\/07\/Logo-transp-300x300-2.png\",\"width\":500,\"height\":500,\"caption\":\"Restaurace Balka\u0148eros\"},\"image\":{\"@id\":\"https:\/\/www.balkaneros.cz\/#\/schema\/logo\/image\/\"},\"sameAs\":[\"https:\/\/www.facebook.com\/Balkaneros.cz\",\"https:\/\/www.instagram.com\/b.a.l.k.a.n.e.r.o.s\/\",\"https:\/\/goo.gl\/maps\/4uffJ6d8MnX67zV58\"]}]}<\/script>\n<!-- \/ Yoast SEO plugin. -->","yoast_head_json":{"title":"Reservierungen - Restaurant Balka\u0148eros","robots":{"index":"index","follow":"follow","max-snippet":"max-snippet:-1","max-image-preview":"max-image-preview:large","max-video-preview":"max-video-preview:-1"},"canonical":"https:\/\/www.balkaneros.cz\/de\/reservierungen\/","og_locale":"de_DE","og_type":"article","og_title":"Reservierungen - Restaurant Balka\u0148eros","og_url":"https:\/\/www.balkaneros.cz\/de\/reservierungen\/","og_site_name":"Restaurant Balka\u0148eros","article_publisher":"https:\/\/www.facebook.com\/Balkaneros.cz","article_modified_time":"2024-09-26T11:05:55+00:00","twitter_card":"summary_large_image","twitter_misc":{"Gesch\u00e4tzte Lesezeit":"5\u00a0Minuten"},"schema":{"@context":"https:\/\/schema.org","@graph":[{"@type":"WebPage","@id":"https:\/\/www.balkaneros.cz\/de\/reservierungen\/","url":"https:\/\/www.balkaneros.cz\/de\/reservierungen\/","name":"Reservierungen - Restaurant Balka\u0148eros","isPartOf":{"@id":"https:\/\/www.balkaneros.cz\/#website"},"datePublished":"2016-08-01T09:45:20+00:00","dateModified":"2024-09-26T11:05:55+00:00","breadcrumb":{"@id":"https:\/\/www.balkaneros.cz\/de\/reservierungen\/#breadcrumb"},"inLanguage":"de","potentialAction":[{"@type":"ReadAction","target":["https:\/\/www.balkaneros.cz\/de\/reservierungen\/"]}]},{"@type":"BreadcrumbList","@id":"https:\/\/www.balkaneros.cz\/de\/reservierungen\/#breadcrumb","itemListElement":[{"@type":"ListItem","position":1,"name":"Dom\u016f","item":"https:\/\/www.balkaneros.cz\/de\/restaurant\/"},{"@type":"ListItem","position":2,"name":"Reservierungen"}]},{"@type":"WebSite","@id":"https:\/\/www.balkaneros.cz\/#website","url":"https:\/\/www.balkaneros.cz\/","name":"Restaurace Balka\u0148eros","description":"Original Croatian Food","publisher":{"@id":"https:\/\/www.balkaneros.cz\/#organization"},"potentialAction":[{"@type":"SearchAction","target":{"@type":"EntryPoint","urlTemplate":"https:\/\/www.balkaneros.cz\/?s={search_term_string}"},"query-input":{"@type":"PropertyValueSpecification","valueRequired":true,"valueName":"search_term_string"}}],"inLanguage":"de"},{"@type":"Organization","@id":"https:\/\/www.balkaneros.cz\/#organization","name":"Restaurace Balka\u0148eros","url":"https:\/\/www.balkaneros.cz\/","logo":{"@type":"ImageObject","inLanguage":"de","@id":"https:\/\/www.balkaneros.cz\/#\/schema\/logo\/image\/","url":"https:\/\/www.balkaneros.cz\/wp-content\/uploads\/2023\/07\/Logo-transp-300x300-2.png","contentUrl":"https:\/\/www.balkaneros.cz\/wp-content\/uploads\/2023\/07\/Logo-transp-300x300-2.png","width":500,"height":500,"caption":"Restaurace Balka\u0148eros"},"image":{"@id":"https:\/\/www.balkaneros.cz\/#\/schema\/logo\/image\/"},"sameAs":["https:\/\/www.facebook.com\/Balkaneros.cz","https:\/\/www.instagram.com\/b.a.l.k.a.n.e.r.o.s\/","https:\/\/goo.gl\/maps\/4uffJ6d8MnX67zV58"]}]}},"_links":{"self":[{"href":"https:\/\/www.balkaneros.cz\/de\/wp-json\/wp\/v2\/pages\/4928","targetHints":{"allow":["GET"]}}],"collection":[{"href":"https:\/\/www.balkaneros.cz\/de\/wp-json\/wp\/v2\/pages"}],"about":[{"href":"https:\/\/www.balkaneros.cz\/de\/wp-json\/wp\/v2\/types\/page"}],"author":[{"embeddable":true,"href":"https:\/\/www.balkaneros.cz\/de\/wp-json\/wp\/v2\/users\/1"}],"replies":[{"embeddable":true,"href":"https:\/\/www.balkaneros.cz\/de\/wp-json\/wp\/v2\/comments?post=4928"}],"version-history":[{"count":2,"href":"https:\/\/www.balkaneros.cz\/de\/wp-json\/wp\/v2\/pages\/4928\/revisions"}],"predecessor-version":[{"id":4930,"href":"https:\/\/www.balkaneros.cz\/de\/wp-json\/wp\/v2\/pages\/4928\/revisions\/4930"}],"wp:attachment":[{"href":"https:\/\/www.balkaneros.cz\/de\/wp-json\/wp\/v2\/media?parent=4928"}],"curies":[{"name":"wp","href":"https:\/\/api.w.org\/{rel}","templated":true}]}}