{"id":4998,"date":"2021-02-08T09:24:30","date_gmt":"2021-02-08T08:24:30","guid":{"rendered":"https:\/\/www.balkaneros.cz\/product\/jumbo-mix-grill-fuer-3-4-personen\/"},"modified":"2024-10-07T17:46:15","modified_gmt":"2024-10-07T15:46:15","slug":"jumbo-mix-grill-fuer-3-4-personen","status":"publish","type":"product","link":"https:\/\/www.balkaneros.cz\/de\/produkt\/jumbo-mix-grill-fuer-3-4-personen\/","title":{"rendered":"JUMBO MIX GRILL F\u00dcR 3-4 PERSONEN"},"content":{"rendered":"<p>(1st. pljeskavica classic, 1st.pljeskavica pikant, 10st. \u010devap\u010di\u010di, 2st. Fleischspiess, Steakpommes, balkan Brot, ajvar So\u00dfe, kajmak so\u00dfe, Zwiebel)<\/p>\n","protected":false},"excerpt":{"rendered":"<p>(1st. pljeskavica classic, 1st.pljeskavica pikant, 10st. \u010devap\u010di\u010di, 2st. Fleischspiess, Steakpommes, balkan Brot, ajvar So\u00dfe, kajmak so\u00dfe, Zwiebel)<\/p>\n","protected":false},"featured_media":4232,"template":"","meta":{"_et_pb_use_builder":"","_et_pb_old_content":"","_et_gb_content_width":""},"product_brand":[],"product_cat":[104],"product_tag":[],"class_list":{"0":"post-4998","1":"product","2":"type-product","3":"status-publish","4":"has-post-thumbnail","6":"product_cat-kroatische-spezialitaten","8":"first","9":"instock","10":"featured","11":"taxable","12":"shipping-taxable","13":"purchasable","14":"product-type-simple"},"yoast_head":"<!-- This site is optimized with the Yoast SEO plugin v26.5 - https:\/\/yoast.com\/wordpress\/plugins\/seo\/ -->\n<title>JUMBO MIX GRILL F\u00dcR 3-4 PERSONEN - Restaurant Balka\u0148eros<\/title>\n<meta name=\"robots\" content=\"index, follow, max-snippet:-1, max-image-preview:large, max-video-preview:-1\" \/>\n<link rel=\"canonical\" href=\"https:\/\/www.balkaneros.cz\/de\/produkt\/jumbo-mix-grill-fuer-3-4-personen\/\" \/>\n<meta property=\"og:locale\" content=\"de_DE\" \/>\n<meta property=\"og:type\" content=\"article\" \/>\n<meta property=\"og:title\" content=\"JUMBO MIX GRILL F\u00dcR 3-4 PERSONEN - Restaurant Balka\u0148eros\" \/>\n<meta property=\"og:description\" content=\"(1st. pljeskavica classic, 1st.pljeskavica pikant, 10st. \u010devap\u010di\u010di, 2st. Fleischspiess, Steakpommes, balkan Brot, ajvar So\u00dfe, kajmak so\u00dfe, Zwiebel)\" \/>\n<meta property=\"og:url\" content=\"https:\/\/www.balkaneros.cz\/de\/produkt\/jumbo-mix-grill-fuer-3-4-personen\/\" \/>\n<meta property=\"og:site_name\" content=\"Restaurant Balka\u0148eros\" \/>\n<meta property=\"article:publisher\" content=\"https:\/\/www.facebook.com\/Balkaneros.cz\" \/>\n<meta property=\"article:modified_time\" content=\"2024-10-07T15:46:15+00:00\" \/>\n<meta property=\"og:image\" content=\"https:\/\/www.balkaneros.cz\/wp-content\/uploads\/2020\/10\/32956977_xl-60.jpg\" \/>\n\t<meta property=\"og:image:width\" content=\"2300\" \/>\n\t<meta property=\"og:image:height\" content=\"1535\" \/>\n\t<meta property=\"og:image:type\" content=\"image\/jpeg\" \/>\n<meta name=\"twitter:card\" content=\"summary_large_image\" \/>\n<script type=\"application\/ld+json\" class=\"yoast-schema-graph\">{\"@context\":\"https:\/\/schema.org\",\"@graph\":[{\"@type\":\"WebPage\",\"@id\":\"https:\/\/www.balkaneros.cz\/de\/produkt\/jumbo-mix-grill-fuer-3-4-personen\/\",\"url\":\"https:\/\/www.balkaneros.cz\/de\/produkt\/jumbo-mix-grill-fuer-3-4-personen\/\",\"name\":\"JUMBO MIX GRILL F\u00dcR 3-4 PERSONEN - Restaurant Balka\u0148eros\",\"isPartOf\":{\"@id\":\"https:\/\/www.balkaneros.cz\/#website\"},\"primaryImageOfPage\":{\"@id\":\"https:\/\/www.balkaneros.cz\/de\/produkt\/jumbo-mix-grill-fuer-3-4-personen\/#primaryimage\"},\"image\":{\"@id\":\"https:\/\/www.balkaneros.cz\/de\/produkt\/jumbo-mix-grill-fuer-3-4-personen\/#primaryimage\"},\"thumbnailUrl\":\"https:\/\/www.balkaneros.cz\/wp-content\/uploads\/2020\/10\/32956977_xl-60.jpg\",\"datePublished\":\"2021-02-08T08:24:30+00:00\",\"dateModified\":\"2024-10-07T15:46:15+00:00\",\"breadcrumb\":{\"@id\":\"https:\/\/www.balkaneros.cz\/de\/produkt\/jumbo-mix-grill-fuer-3-4-personen\/#breadcrumb\"},\"inLanguage\":\"de\",\"potentialAction\":[{\"@type\":\"ReadAction\",\"target\":[\"https:\/\/www.balkaneros.cz\/de\/produkt\/jumbo-mix-grill-fuer-3-4-personen\/\"]}]},{\"@type\":\"ImageObject\",\"inLanguage\":\"de\",\"@id\":\"https:\/\/www.balkaneros.cz\/de\/produkt\/jumbo-mix-grill-fuer-3-4-personen\/#primaryimage\",\"url\":\"https:\/\/www.balkaneros.cz\/wp-content\/uploads\/2020\/10\/32956977_xl-60.jpg\",\"contentUrl\":\"https:\/\/www.balkaneros.cz\/wp-content\/uploads\/2020\/10\/32956977_xl-60.jpg\",\"width\":2300,\"height\":1535,\"caption\":\"JUMBO MIX GRILL\"},{\"@type\":\"BreadcrumbList\",\"@id\":\"https:\/\/www.balkaneros.cz\/de\/produkt\/jumbo-mix-grill-fuer-3-4-personen\/#breadcrumb\",\"itemListElement\":[{\"@type\":\"ListItem\",\"position\":1,\"name\":\"Dom\u016f\",\"item\":\"https:\/\/www.balkaneros.cz\/de\/restaurant\/\"},{\"@type\":\"ListItem\",\"position\":2,\"name\":\"E-shop\",\"item\":\"https:\/\/www.balkaneros.cz\/de\/shop\/\"},{\"@type\":\"ListItem\",\"position\":3,\"name\":\"JUMBO MIX GRILL F\u00dcR 3-4 PERSONEN\"}]},{\"@type\":\"WebSite\",\"@id\":\"https:\/\/www.balkaneros.cz\/#website\",\"url\":\"https:\/\/www.balkaneros.cz\/\",\"name\":\"Restaurace Balka\u0148eros\",\"description\":\"Original Croatian Food\",\"publisher\":{\"@id\":\"https:\/\/www.balkaneros.cz\/#organization\"},\"potentialAction\":[{\"@type\":\"SearchAction\",\"target\":{\"@type\":\"EntryPoint\",\"urlTemplate\":\"https:\/\/www.balkaneros.cz\/?s={search_term_string}\"},\"query-input\":{\"@type\":\"PropertyValueSpecification\",\"valueRequired\":true,\"valueName\":\"search_term_string\"}}],\"inLanguage\":\"de\"},{\"@type\":\"Organization\",\"@id\":\"https:\/\/www.balkaneros.cz\/#organization\",\"name\":\"Restaurace Balka\u0148eros\",\"url\":\"https:\/\/www.balkaneros.cz\/\",\"logo\":{\"@type\":\"ImageObject\",\"inLanguage\":\"de\",\"@id\":\"https:\/\/www.balkaneros.cz\/#\/schema\/logo\/image\/\",\"url\":\"https:\/\/www.balkaneros.cz\/wp-content\/uploads\/2023\/07\/Logo-transp-300x300-2.png\",\"contentUrl\":\"https:\/\/www.balkaneros.cz\/wp-content\/uploads\/2023\/07\/Logo-transp-300x300-2.png\",\"width\":500,\"height\":500,\"caption\":\"Restaurace Balka\u0148eros\"},\"image\":{\"@id\":\"https:\/\/www.balkaneros.cz\/#\/schema\/logo\/image\/\"},\"sameAs\":[\"https:\/\/www.facebook.com\/Balkaneros.cz\",\"https:\/\/www.instagram.com\/b.a.l.k.a.n.e.r.o.s\/\",\"https:\/\/goo.gl\/maps\/4uffJ6d8MnX67zV58\"]}]}<\/script>\n<!-- \/ Yoast SEO plugin. -->","yoast_head_json":{"title":"JUMBO MIX GRILL F\u00dcR 3-4 PERSONEN - Restaurant Balka\u0148eros","robots":{"index":"index","follow":"follow","max-snippet":"max-snippet:-1","max-image-preview":"max-image-preview:large","max-video-preview":"max-video-preview:-1"},"canonical":"https:\/\/www.balkaneros.cz\/de\/produkt\/jumbo-mix-grill-fuer-3-4-personen\/","og_locale":"de_DE","og_type":"article","og_title":"JUMBO MIX GRILL F\u00dcR 3-4 PERSONEN - Restaurant Balka\u0148eros","og_description":"(1st. pljeskavica classic, 1st.pljeskavica pikant, 10st. \u010devap\u010di\u010di, 2st. Fleischspiess, Steakpommes, balkan Brot, ajvar So\u00dfe, kajmak so\u00dfe, Zwiebel)","og_url":"https:\/\/www.balkaneros.cz\/de\/produkt\/jumbo-mix-grill-fuer-3-4-personen\/","og_site_name":"Restaurant Balka\u0148eros","article_publisher":"https:\/\/www.facebook.com\/Balkaneros.cz","article_modified_time":"2024-10-07T15:46:15+00:00","og_image":[{"width":2300,"height":1535,"url":"https:\/\/www.balkaneros.cz\/wp-content\/uploads\/2020\/10\/32956977_xl-60.jpg","type":"image\/jpeg"}],"twitter_card":"summary_large_image","schema":{"@context":"https:\/\/schema.org","@graph":[{"@type":"WebPage","@id":"https:\/\/www.balkaneros.cz\/de\/produkt\/jumbo-mix-grill-fuer-3-4-personen\/","url":"https:\/\/www.balkaneros.cz\/de\/produkt\/jumbo-mix-grill-fuer-3-4-personen\/","name":"JUMBO MIX GRILL F\u00dcR 3-4 PERSONEN - Restaurant Balka\u0148eros","isPartOf":{"@id":"https:\/\/www.balkaneros.cz\/#website"},"primaryImageOfPage":{"@id":"https:\/\/www.balkaneros.cz\/de\/produkt\/jumbo-mix-grill-fuer-3-4-personen\/#primaryimage"},"image":{"@id":"https:\/\/www.balkaneros.cz\/de\/produkt\/jumbo-mix-grill-fuer-3-4-personen\/#primaryimage"},"thumbnailUrl":"https:\/\/www.balkaneros.cz\/wp-content\/uploads\/2020\/10\/32956977_xl-60.jpg","datePublished":"2021-02-08T08:24:30+00:00","dateModified":"2024-10-07T15:46:15+00:00","breadcrumb":{"@id":"https:\/\/www.balkaneros.cz\/de\/produkt\/jumbo-mix-grill-fuer-3-4-personen\/#breadcrumb"},"inLanguage":"de","potentialAction":[{"@type":"ReadAction","target":["https:\/\/www.balkaneros.cz\/de\/produkt\/jumbo-mix-grill-fuer-3-4-personen\/"]}]},{"@type":"ImageObject","inLanguage":"de","@id":"https:\/\/www.balkaneros.cz\/de\/produkt\/jumbo-mix-grill-fuer-3-4-personen\/#primaryimage","url":"https:\/\/www.balkaneros.cz\/wp-content\/uploads\/2020\/10\/32956977_xl-60.jpg","contentUrl":"https:\/\/www.balkaneros.cz\/wp-content\/uploads\/2020\/10\/32956977_xl-60.jpg","width":2300,"height":1535,"caption":"JUMBO MIX GRILL"},{"@type":"BreadcrumbList","@id":"https:\/\/www.balkaneros.cz\/de\/produkt\/jumbo-mix-grill-fuer-3-4-personen\/#breadcrumb","itemListElement":[{"@type":"ListItem","position":1,"name":"Dom\u016f","item":"https:\/\/www.balkaneros.cz\/de\/restaurant\/"},{"@type":"ListItem","position":2,"name":"E-shop","item":"https:\/\/www.balkaneros.cz\/de\/shop\/"},{"@type":"ListItem","position":3,"name":"JUMBO MIX GRILL F\u00dcR 3-4 PERSONEN"}]},{"@type":"WebSite","@id":"https:\/\/www.balkaneros.cz\/#website","url":"https:\/\/www.balkaneros.cz\/","name":"Restaurace Balka\u0148eros","description":"Original Croatian Food","publisher":{"@id":"https:\/\/www.balkaneros.cz\/#organization"},"potentialAction":[{"@type":"SearchAction","target":{"@type":"EntryPoint","urlTemplate":"https:\/\/www.balkaneros.cz\/?s={search_term_string}"},"query-input":{"@type":"PropertyValueSpecification","valueRequired":true,"valueName":"search_term_string"}}],"inLanguage":"de"},{"@type":"Organization","@id":"https:\/\/www.balkaneros.cz\/#organization","name":"Restaurace Balka\u0148eros","url":"https:\/\/www.balkaneros.cz\/","logo":{"@type":"ImageObject","inLanguage":"de","@id":"https:\/\/www.balkaneros.cz\/#\/schema\/logo\/image\/","url":"https:\/\/www.balkaneros.cz\/wp-content\/uploads\/2023\/07\/Logo-transp-300x300-2.png","contentUrl":"https:\/\/www.balkaneros.cz\/wp-content\/uploads\/2023\/07\/Logo-transp-300x300-2.png","width":500,"height":500,"caption":"Restaurace Balka\u0148eros"},"image":{"@id":"https:\/\/www.balkaneros.cz\/#\/schema\/logo\/image\/"},"sameAs":["https:\/\/www.facebook.com\/Balkaneros.cz","https:\/\/www.instagram.com\/b.a.l.k.a.n.e.r.o.s\/","https:\/\/goo.gl\/maps\/4uffJ6d8MnX67zV58"]}]}},"_links":{"self":[{"href":"https:\/\/www.balkaneros.cz\/de\/wp-json\/wp\/v2\/product\/4998","targetHints":{"allow":["GET"]}}],"collection":[{"href":"https:\/\/www.balkaneros.cz\/de\/wp-json\/wp\/v2\/product"}],"about":[{"href":"https:\/\/www.balkaneros.cz\/de\/wp-json\/wp\/v2\/types\/product"}],"wp:featuredmedia":[{"embeddable":true,"href":"https:\/\/www.balkaneros.cz\/de\/wp-json\/wp\/v2\/media\/4232"}],"wp:attachment":[{"href":"https:\/\/www.balkaneros.cz\/de\/wp-json\/wp\/v2\/media?parent=4998"}],"wp:term":[{"taxonomy":"product_brand","embeddable":true,"href":"https:\/\/www.balkaneros.cz\/de\/wp-json\/wp\/v2\/product_brand?post=4998"},{"taxonomy":"product_cat","embeddable":true,"href":"https:\/\/www.balkaneros.cz\/de\/wp-json\/wp\/v2\/product_cat?post=4998"},{"taxonomy":"product_tag","embeddable":true,"href":"https:\/\/www.balkaneros.cz\/de\/wp-json\/wp\/v2\/product_tag?post=4998"}],"curies":[{"name":"wp","href":"https:\/\/api.w.org\/{rel}","templated":true}]}}