{"id":5023,"date":"2020-10-28T12:15:16","date_gmt":"2020-10-28T11:15:16","guid":{"rendered":"https:\/\/www.balkaneros.cz\/product\/mini-mix-grill-fuer-1-person\/"},"modified":"2020-10-28T12:15:16","modified_gmt":"2020-10-28T11:15:16","slug":"mini-mix-grill-fuer-1-person","status":"publish","type":"product","link":"https:\/\/www.balkaneros.cz\/de\/produkt\/mini-mix-grill-fuer-1-person\/","title":{"rendered":"MINI MIX GRILL F\u00dcR 1 PERSON"},"content":{"rendered":"<p>( 1st.pljeskavica pikant, 5st. \u010devab\u010di\u010di, 2st. mini Fleishspeiee, Steak-Pommes, balkan Brot, ajvar So\u00dfe, kajmak So\u00dfe, Zwiebel)<\/p>\n","protected":false},"excerpt":{"rendered":"<p>( 1st.pljeskavica pikant, 5st. \u010devab\u010di\u010di, 2st. mini Fleishspeiee, Steak-Pommes, balkan Brot, ajvar So\u00dfe, kajmak So\u00dfe, Zwiebel)<\/p>\n","protected":false},"featured_media":4820,"template":"","meta":{"_et_pb_use_builder":"","_et_pb_old_content":"","_et_gb_content_width":""},"product_brand":[],"product_cat":[104],"product_tag":[],"class_list":{"0":"post-5023","1":"product","2":"type-product","3":"status-publish","4":"has-post-thumbnail","6":"product_cat-kroatische-spezialitaten","8":"first","9":"instock","10":"taxable","11":"shipping-taxable","12":"purchasable","13":"product-type-simple"},"yoast_head":"<!-- This site is optimized with the Yoast SEO plugin v26.5 - https:\/\/yoast.com\/wordpress\/plugins\/seo\/ -->\n<title>MINI MIX GRILL F\u00dcR 1 PERSON - Restaurant Balka\u0148eros<\/title>\n<meta name=\"robots\" content=\"index, follow, max-snippet:-1, max-image-preview:large, max-video-preview:-1\" \/>\n<link rel=\"canonical\" href=\"https:\/\/www.balkaneros.cz\/product\/mini-mix-grill-fuer-1-person\/\" \/>\n<meta property=\"og:locale\" content=\"de_DE\" \/>\n<meta property=\"og:type\" content=\"article\" \/>\n<meta property=\"og:title\" content=\"MINI MIX GRILL F\u00dcR 1 PERSON - Restaurant Balka\u0148eros\" \/>\n<meta property=\"og:description\" content=\"( 1st.pljeskavica pikant, 5st. \u010devab\u010di\u010di, 2st. mini Fleishspeiee, Steak-Pommes, balkan Brot, ajvar So\u00dfe, kajmak So\u00dfe, Zwiebel)\" \/>\n<meta property=\"og:url\" content=\"https:\/\/www.balkaneros.cz\/product\/mini-mix-grill-fuer-1-person\/\" \/>\n<meta property=\"og:site_name\" content=\"Restaurant Balka\u0148eros\" \/>\n<meta property=\"article:publisher\" content=\"https:\/\/www.facebook.com\/Balkaneros.cz\" \/>\n<meta name=\"twitter:card\" content=\"summary_large_image\" \/>\n<script type=\"application\/ld+json\" class=\"yoast-schema-graph\">{\"@context\":\"https:\/\/schema.org\",\"@graph\":[{\"@type\":\"WebPage\",\"@id\":\"https:\/\/www.balkaneros.cz\/product\/mini-mix-grill-fuer-1-person\/\",\"url\":\"https:\/\/www.balkaneros.cz\/product\/mini-mix-grill-fuer-1-person\/\",\"name\":\"MINI MIX GRILL F\u00dcR 1 PERSON - Restaurant Balka\u0148eros\",\"isPartOf\":{\"@id\":\"https:\/\/www.balkaneros.cz\/#website\"},\"primaryImageOfPage\":{\"@id\":\"https:\/\/www.balkaneros.cz\/product\/mini-mix-grill-fuer-1-person\/#primaryimage\"},\"image\":{\"@id\":\"https:\/\/www.balkaneros.cz\/product\/mini-mix-grill-fuer-1-person\/#primaryimage\"},\"thumbnailUrl\":\"https:\/\/www.balkaneros.cz\/wp-content\/uploads\/2020\/10\/balkansky-parti-pro-1-osobu-.jpg\",\"datePublished\":\"2020-10-28T11:15:16+00:00\",\"breadcrumb\":{\"@id\":\"https:\/\/www.balkaneros.cz\/product\/mini-mix-grill-fuer-1-person\/#breadcrumb\"},\"inLanguage\":\"de\",\"potentialAction\":[{\"@type\":\"ReadAction\",\"target\":[\"https:\/\/www.balkaneros.cz\/product\/mini-mix-grill-fuer-1-person\/\"]}]},{\"@type\":\"ImageObject\",\"inLanguage\":\"de\",\"@id\":\"https:\/\/www.balkaneros.cz\/product\/mini-mix-grill-fuer-1-person\/#primaryimage\",\"url\":\"https:\/\/www.balkaneros.cz\/wp-content\/uploads\/2020\/10\/balkansky-parti-pro-1-osobu-.jpg\",\"contentUrl\":\"https:\/\/www.balkaneros.cz\/wp-content\/uploads\/2020\/10\/balkansky-parti-pro-1-osobu-.jpg\",\"width\":800,\"height\":800,\"caption\":\"MINI MIX GRILL F\u00dcR 1 PERSON\"},{\"@type\":\"BreadcrumbList\",\"@id\":\"https:\/\/www.balkaneros.cz\/product\/mini-mix-grill-fuer-1-person\/#breadcrumb\",\"itemListElement\":[{\"@type\":\"ListItem\",\"position\":1,\"name\":\"Dom\u016f\",\"item\":\"https:\/\/www.balkaneros.cz\/de\/restaurant\/\"},{\"@type\":\"ListItem\",\"position\":2,\"name\":\"E-shop\",\"item\":\"https:\/\/www.balkaneros.cz\/de\/shop\/\"},{\"@type\":\"ListItem\",\"position\":3,\"name\":\"MINI MIX GRILL F\u00dcR 1 PERSON\"}]},{\"@type\":\"WebSite\",\"@id\":\"https:\/\/www.balkaneros.cz\/#website\",\"url\":\"https:\/\/www.balkaneros.cz\/\",\"name\":\"Restaurace Balka\u0148eros\",\"description\":\"Original Croatian Food\",\"publisher\":{\"@id\":\"https:\/\/www.balkaneros.cz\/#organization\"},\"potentialAction\":[{\"@type\":\"SearchAction\",\"target\":{\"@type\":\"EntryPoint\",\"urlTemplate\":\"https:\/\/www.balkaneros.cz\/?s={search_term_string}\"},\"query-input\":{\"@type\":\"PropertyValueSpecification\",\"valueRequired\":true,\"valueName\":\"search_term_string\"}}],\"inLanguage\":\"de\"},{\"@type\":\"Organization\",\"@id\":\"https:\/\/www.balkaneros.cz\/#organization\",\"name\":\"Restaurace Balka\u0148eros\",\"url\":\"https:\/\/www.balkaneros.cz\/\",\"logo\":{\"@type\":\"ImageObject\",\"inLanguage\":\"de\",\"@id\":\"https:\/\/www.balkaneros.cz\/#\/schema\/logo\/image\/\",\"url\":\"https:\/\/www.balkaneros.cz\/wp-content\/uploads\/2023\/07\/Logo-transp-300x300-2.png\",\"contentUrl\":\"https:\/\/www.balkaneros.cz\/wp-content\/uploads\/2023\/07\/Logo-transp-300x300-2.png\",\"width\":500,\"height\":500,\"caption\":\"Restaurace Balka\u0148eros\"},\"image\":{\"@id\":\"https:\/\/www.balkaneros.cz\/#\/schema\/logo\/image\/\"},\"sameAs\":[\"https:\/\/www.facebook.com\/Balkaneros.cz\",\"https:\/\/www.instagram.com\/b.a.l.k.a.n.e.r.o.s\/\",\"https:\/\/goo.gl\/maps\/4uffJ6d8MnX67zV58\"]}]}<\/script>\n<!-- \/ Yoast SEO plugin. -->","yoast_head_json":{"title":"MINI MIX GRILL F\u00dcR 1 PERSON - Restaurant Balka\u0148eros","robots":{"index":"index","follow":"follow","max-snippet":"max-snippet:-1","max-image-preview":"max-image-preview:large","max-video-preview":"max-video-preview:-1"},"canonical":"https:\/\/www.balkaneros.cz\/product\/mini-mix-grill-fuer-1-person\/","og_locale":"de_DE","og_type":"article","og_title":"MINI MIX GRILL F\u00dcR 1 PERSON - Restaurant Balka\u0148eros","og_description":"( 1st.pljeskavica pikant, 5st. \u010devab\u010di\u010di, 2st. mini Fleishspeiee, Steak-Pommes, balkan Brot, ajvar So\u00dfe, kajmak So\u00dfe, Zwiebel)","og_url":"https:\/\/www.balkaneros.cz\/product\/mini-mix-grill-fuer-1-person\/","og_site_name":"Restaurant Balka\u0148eros","article_publisher":"https:\/\/www.facebook.com\/Balkaneros.cz","twitter_card":"summary_large_image","schema":{"@context":"https:\/\/schema.org","@graph":[{"@type":"WebPage","@id":"https:\/\/www.balkaneros.cz\/product\/mini-mix-grill-fuer-1-person\/","url":"https:\/\/www.balkaneros.cz\/product\/mini-mix-grill-fuer-1-person\/","name":"MINI MIX GRILL F\u00dcR 1 PERSON - Restaurant Balka\u0148eros","isPartOf":{"@id":"https:\/\/www.balkaneros.cz\/#website"},"primaryImageOfPage":{"@id":"https:\/\/www.balkaneros.cz\/product\/mini-mix-grill-fuer-1-person\/#primaryimage"},"image":{"@id":"https:\/\/www.balkaneros.cz\/product\/mini-mix-grill-fuer-1-person\/#primaryimage"},"thumbnailUrl":"https:\/\/www.balkaneros.cz\/wp-content\/uploads\/2020\/10\/balkansky-parti-pro-1-osobu-.jpg","datePublished":"2020-10-28T11:15:16+00:00","breadcrumb":{"@id":"https:\/\/www.balkaneros.cz\/product\/mini-mix-grill-fuer-1-person\/#breadcrumb"},"inLanguage":"de","potentialAction":[{"@type":"ReadAction","target":["https:\/\/www.balkaneros.cz\/product\/mini-mix-grill-fuer-1-person\/"]}]},{"@type":"ImageObject","inLanguage":"de","@id":"https:\/\/www.balkaneros.cz\/product\/mini-mix-grill-fuer-1-person\/#primaryimage","url":"https:\/\/www.balkaneros.cz\/wp-content\/uploads\/2020\/10\/balkansky-parti-pro-1-osobu-.jpg","contentUrl":"https:\/\/www.balkaneros.cz\/wp-content\/uploads\/2020\/10\/balkansky-parti-pro-1-osobu-.jpg","width":800,"height":800,"caption":"MINI MIX GRILL F\u00dcR 1 PERSON"},{"@type":"BreadcrumbList","@id":"https:\/\/www.balkaneros.cz\/product\/mini-mix-grill-fuer-1-person\/#breadcrumb","itemListElement":[{"@type":"ListItem","position":1,"name":"Dom\u016f","item":"https:\/\/www.balkaneros.cz\/de\/restaurant\/"},{"@type":"ListItem","position":2,"name":"E-shop","item":"https:\/\/www.balkaneros.cz\/de\/shop\/"},{"@type":"ListItem","position":3,"name":"MINI MIX GRILL F\u00dcR 1 PERSON"}]},{"@type":"WebSite","@id":"https:\/\/www.balkaneros.cz\/#website","url":"https:\/\/www.balkaneros.cz\/","name":"Restaurace Balka\u0148eros","description":"Original Croatian Food","publisher":{"@id":"https:\/\/www.balkaneros.cz\/#organization"},"potentialAction":[{"@type":"SearchAction","target":{"@type":"EntryPoint","urlTemplate":"https:\/\/www.balkaneros.cz\/?s={search_term_string}"},"query-input":{"@type":"PropertyValueSpecification","valueRequired":true,"valueName":"search_term_string"}}],"inLanguage":"de"},{"@type":"Organization","@id":"https:\/\/www.balkaneros.cz\/#organization","name":"Restaurace Balka\u0148eros","url":"https:\/\/www.balkaneros.cz\/","logo":{"@type":"ImageObject","inLanguage":"de","@id":"https:\/\/www.balkaneros.cz\/#\/schema\/logo\/image\/","url":"https:\/\/www.balkaneros.cz\/wp-content\/uploads\/2023\/07\/Logo-transp-300x300-2.png","contentUrl":"https:\/\/www.balkaneros.cz\/wp-content\/uploads\/2023\/07\/Logo-transp-300x300-2.png","width":500,"height":500,"caption":"Restaurace Balka\u0148eros"},"image":{"@id":"https:\/\/www.balkaneros.cz\/#\/schema\/logo\/image\/"},"sameAs":["https:\/\/www.facebook.com\/Balkaneros.cz","https:\/\/www.instagram.com\/b.a.l.k.a.n.e.r.o.s\/","https:\/\/goo.gl\/maps\/4uffJ6d8MnX67zV58"]}]}},"_links":{"self":[{"href":"https:\/\/www.balkaneros.cz\/de\/wp-json\/wp\/v2\/product\/5023","targetHints":{"allow":["GET"]}}],"collection":[{"href":"https:\/\/www.balkaneros.cz\/de\/wp-json\/wp\/v2\/product"}],"about":[{"href":"https:\/\/www.balkaneros.cz\/de\/wp-json\/wp\/v2\/types\/product"}],"wp:featuredmedia":[{"embeddable":true,"href":"https:\/\/www.balkaneros.cz\/de\/wp-json\/wp\/v2\/media\/4820"}],"wp:attachment":[{"href":"https:\/\/www.balkaneros.cz\/de\/wp-json\/wp\/v2\/media?parent=5023"}],"wp:term":[{"taxonomy":"product_brand","embeddable":true,"href":"https:\/\/www.balkaneros.cz\/de\/wp-json\/wp\/v2\/product_brand?post=5023"},{"taxonomy":"product_cat","embeddable":true,"href":"https:\/\/www.balkaneros.cz\/de\/wp-json\/wp\/v2\/product_cat?post=5023"},{"taxonomy":"product_tag","embeddable":true,"href":"https:\/\/www.balkaneros.cz\/de\/wp-json\/wp\/v2\/product_tag?post=5023"}],"curies":[{"name":"wp","href":"https:\/\/api.w.org\/{rel}","templated":true}]}}