{"id":5031,"date":"2020-10-27T21:01:45","date_gmt":"2020-10-27T20:01:45","guid":{"rendered":"https:\/\/www.balkaneros.cz\/product\/haehnchen-balkan-burger\/"},"modified":"2020-10-27T21:01:45","modified_gmt":"2020-10-27T20:01:45","slug":"haehnchen-balkan-burger","status":"publish","type":"product","link":"https:\/\/www.balkaneros.cz\/de\/produkt\/haehnchen-balkan-burger\/","title":{"rendered":"H\u00e4hnchen-Balkan-Burger"},"content":{"rendered":"<p>100 g gegrilltes H\u00fchnerfleisch, Balkanbrot, K\u00e4se, Gurken, Tomaten, gr\u00fcner Salat,<br \/>\nAjvar-Sauce, Kajmak-Sauce, Spiegelei<\/p>\n","protected":false},"excerpt":{"rendered":"<p>100 g gegrilltes H\u00fchnerfleisch, Balkanbrot, K\u00e4se, Gurken, Tomaten, gr\u00fcner Salat, Ajvar-Sauce, Kajmak-Sauce, Spiegelei<\/p>\n","protected":false},"featured_media":4770,"template":"","meta":{"_et_pb_use_builder":"","_et_pb_old_content":"","_et_gb_content_width":""},"product_brand":[],"product_cat":[106,104],"product_tag":[],"class_list":{"0":"post-5031","1":"product","2":"type-product","3":"status-publish","4":"has-post-thumbnail","6":"product_cat-burger","7":"product_cat-kroatische-spezialitaten","9":"first","10":"instock","11":"taxable","12":"shipping-taxable","13":"purchasable","14":"product-type-simple"},"yoast_head":"<!-- This site is optimized with the Yoast SEO plugin v26.5 - https:\/\/yoast.com\/wordpress\/plugins\/seo\/ -->\n<title>H\u00e4hnchen-Balkan-Burger - Restaurant Balka\u0148eros<\/title>\n<meta name=\"description\" content=\"100 g gegrilltes H\u00fchnerfleisch, Balkanbrot, K\u00e4se, Gurken, Tomaten, gr\u00fcner Salat, Ajvar-Sauce, Kajmak-Sauce, Spiegelei\" \/>\n<meta name=\"robots\" content=\"index, follow, max-snippet:-1, max-image-preview:large, max-video-preview:-1\" \/>\n<link rel=\"canonical\" href=\"https:\/\/www.balkaneros.cz\/de\/produkt\/haehnchen-balkan-burger\/\" \/>\n<meta property=\"og:locale\" content=\"de_DE\" \/>\n<meta property=\"og:type\" content=\"article\" \/>\n<meta property=\"og:title\" content=\"H\u00e4hnchen-Balkan-Burger - Restaurant Balka\u0148eros\" \/>\n<meta property=\"og:description\" content=\"100 g gegrilltes H\u00fchnerfleisch, Balkanbrot, K\u00e4se, Gurken, Tomaten, gr\u00fcner Salat, Ajvar-Sauce, Kajmak-Sauce, Spiegelei\" \/>\n<meta property=\"og:url\" content=\"https:\/\/www.balkaneros.cz\/de\/produkt\/haehnchen-balkan-burger\/\" \/>\n<meta property=\"og:site_name\" content=\"Restaurant Balka\u0148eros\" \/>\n<meta property=\"article:publisher\" content=\"https:\/\/www.facebook.com\/Balkaneros.cz\" \/>\n<meta property=\"og:image\" content=\"https:\/\/www.balkaneros.cz\/wp-content\/uploads\/2023\/07\/kureci-balkan-burger.webp\" \/>\n\t<meta property=\"og:image:width\" content=\"640\" \/>\n\t<meta property=\"og:image:height\" content=\"640\" \/>\n\t<meta property=\"og:image:type\" content=\"image\/webp\" \/>\n<meta name=\"twitter:card\" content=\"summary_large_image\" \/>\n<script type=\"application\/ld+json\" class=\"yoast-schema-graph\">{\"@context\":\"https:\/\/schema.org\",\"@graph\":[{\"@type\":\"WebPage\",\"@id\":\"https:\/\/www.balkaneros.cz\/de\/produkt\/haehnchen-balkan-burger\/\",\"url\":\"https:\/\/www.balkaneros.cz\/de\/produkt\/haehnchen-balkan-burger\/\",\"name\":\"H\u00e4hnchen-Balkan-Burger - Restaurant Balka\u0148eros\",\"isPartOf\":{\"@id\":\"https:\/\/www.balkaneros.cz\/#website\"},\"primaryImageOfPage\":{\"@id\":\"https:\/\/www.balkaneros.cz\/de\/produkt\/haehnchen-balkan-burger\/#primaryimage\"},\"image\":{\"@id\":\"https:\/\/www.balkaneros.cz\/de\/produkt\/haehnchen-balkan-burger\/#primaryimage\"},\"thumbnailUrl\":\"https:\/\/www.balkaneros.cz\/wp-content\/uploads\/2023\/07\/kureci-balkan-burger.webp\",\"datePublished\":\"2020-10-27T20:01:45+00:00\",\"description\":\"100 g gegrilltes H\u00fchnerfleisch, Balkanbrot, K\u00e4se, Gurken, Tomaten, gr\u00fcner Salat, Ajvar-Sauce, Kajmak-Sauce, Spiegelei\",\"breadcrumb\":{\"@id\":\"https:\/\/www.balkaneros.cz\/de\/produkt\/haehnchen-balkan-burger\/#breadcrumb\"},\"inLanguage\":\"de\",\"potentialAction\":[{\"@type\":\"ReadAction\",\"target\":[\"https:\/\/www.balkaneros.cz\/de\/produkt\/haehnchen-balkan-burger\/\"]}]},{\"@type\":\"ImageObject\",\"inLanguage\":\"de\",\"@id\":\"https:\/\/www.balkaneros.cz\/de\/produkt\/haehnchen-balkan-burger\/#primaryimage\",\"url\":\"https:\/\/www.balkaneros.cz\/wp-content\/uploads\/2023\/07\/kureci-balkan-burger.webp\",\"contentUrl\":\"https:\/\/www.balkaneros.cz\/wp-content\/uploads\/2023\/07\/kureci-balkan-burger.webp\",\"width\":640,\"height\":640},{\"@type\":\"BreadcrumbList\",\"@id\":\"https:\/\/www.balkaneros.cz\/de\/produkt\/haehnchen-balkan-burger\/#breadcrumb\",\"itemListElement\":[{\"@type\":\"ListItem\",\"position\":1,\"name\":\"Dom\u016f\",\"item\":\"https:\/\/www.balkaneros.cz\/de\/restaurant\/\"},{\"@type\":\"ListItem\",\"position\":2,\"name\":\"E-shop\",\"item\":\"https:\/\/www.balkaneros.cz\/de\/shop\/\"},{\"@type\":\"ListItem\",\"position\":3,\"name\":\"H\u00e4hnchen-Balkan-Burger\"}]},{\"@type\":\"WebSite\",\"@id\":\"https:\/\/www.balkaneros.cz\/#website\",\"url\":\"https:\/\/www.balkaneros.cz\/\",\"name\":\"Restaurace Balka\u0148eros\",\"description\":\"Original Croatian Food\",\"publisher\":{\"@id\":\"https:\/\/www.balkaneros.cz\/#organization\"},\"potentialAction\":[{\"@type\":\"SearchAction\",\"target\":{\"@type\":\"EntryPoint\",\"urlTemplate\":\"https:\/\/www.balkaneros.cz\/?s={search_term_string}\"},\"query-input\":{\"@type\":\"PropertyValueSpecification\",\"valueRequired\":true,\"valueName\":\"search_term_string\"}}],\"inLanguage\":\"de\"},{\"@type\":\"Organization\",\"@id\":\"https:\/\/www.balkaneros.cz\/#organization\",\"name\":\"Restaurace Balka\u0148eros\",\"url\":\"https:\/\/www.balkaneros.cz\/\",\"logo\":{\"@type\":\"ImageObject\",\"inLanguage\":\"de\",\"@id\":\"https:\/\/www.balkaneros.cz\/#\/schema\/logo\/image\/\",\"url\":\"https:\/\/www.balkaneros.cz\/wp-content\/uploads\/2023\/07\/Logo-transp-300x300-2.png\",\"contentUrl\":\"https:\/\/www.balkaneros.cz\/wp-content\/uploads\/2023\/07\/Logo-transp-300x300-2.png\",\"width\":500,\"height\":500,\"caption\":\"Restaurace Balka\u0148eros\"},\"image\":{\"@id\":\"https:\/\/www.balkaneros.cz\/#\/schema\/logo\/image\/\"},\"sameAs\":[\"https:\/\/www.facebook.com\/Balkaneros.cz\",\"https:\/\/www.instagram.com\/b.a.l.k.a.n.e.r.o.s\/\",\"https:\/\/goo.gl\/maps\/4uffJ6d8MnX67zV58\"]}]}<\/script>\n<!-- \/ Yoast SEO plugin. -->","yoast_head_json":{"title":"H\u00e4hnchen-Balkan-Burger - Restaurant Balka\u0148eros","description":"100 g gegrilltes H\u00fchnerfleisch, Balkanbrot, K\u00e4se, Gurken, Tomaten, gr\u00fcner Salat, Ajvar-Sauce, Kajmak-Sauce, Spiegelei","robots":{"index":"index","follow":"follow","max-snippet":"max-snippet:-1","max-image-preview":"max-image-preview:large","max-video-preview":"max-video-preview:-1"},"canonical":"https:\/\/www.balkaneros.cz\/de\/produkt\/haehnchen-balkan-burger\/","og_locale":"de_DE","og_type":"article","og_title":"H\u00e4hnchen-Balkan-Burger - Restaurant Balka\u0148eros","og_description":"100 g gegrilltes H\u00fchnerfleisch, Balkanbrot, K\u00e4se, Gurken, Tomaten, gr\u00fcner Salat, Ajvar-Sauce, Kajmak-Sauce, Spiegelei","og_url":"https:\/\/www.balkaneros.cz\/de\/produkt\/haehnchen-balkan-burger\/","og_site_name":"Restaurant Balka\u0148eros","article_publisher":"https:\/\/www.facebook.com\/Balkaneros.cz","og_image":[{"width":640,"height":640,"url":"https:\/\/www.balkaneros.cz\/wp-content\/uploads\/2023\/07\/kureci-balkan-burger.webp","type":"image\/webp"}],"twitter_card":"summary_large_image","schema":{"@context":"https:\/\/schema.org","@graph":[{"@type":"WebPage","@id":"https:\/\/www.balkaneros.cz\/de\/produkt\/haehnchen-balkan-burger\/","url":"https:\/\/www.balkaneros.cz\/de\/produkt\/haehnchen-balkan-burger\/","name":"H\u00e4hnchen-Balkan-Burger - Restaurant Balka\u0148eros","isPartOf":{"@id":"https:\/\/www.balkaneros.cz\/#website"},"primaryImageOfPage":{"@id":"https:\/\/www.balkaneros.cz\/de\/produkt\/haehnchen-balkan-burger\/#primaryimage"},"image":{"@id":"https:\/\/www.balkaneros.cz\/de\/produkt\/haehnchen-balkan-burger\/#primaryimage"},"thumbnailUrl":"https:\/\/www.balkaneros.cz\/wp-content\/uploads\/2023\/07\/kureci-balkan-burger.webp","datePublished":"2020-10-27T20:01:45+00:00","description":"100 g gegrilltes H\u00fchnerfleisch, Balkanbrot, K\u00e4se, Gurken, Tomaten, gr\u00fcner Salat, Ajvar-Sauce, Kajmak-Sauce, Spiegelei","breadcrumb":{"@id":"https:\/\/www.balkaneros.cz\/de\/produkt\/haehnchen-balkan-burger\/#breadcrumb"},"inLanguage":"de","potentialAction":[{"@type":"ReadAction","target":["https:\/\/www.balkaneros.cz\/de\/produkt\/haehnchen-balkan-burger\/"]}]},{"@type":"ImageObject","inLanguage":"de","@id":"https:\/\/www.balkaneros.cz\/de\/produkt\/haehnchen-balkan-burger\/#primaryimage","url":"https:\/\/www.balkaneros.cz\/wp-content\/uploads\/2023\/07\/kureci-balkan-burger.webp","contentUrl":"https:\/\/www.balkaneros.cz\/wp-content\/uploads\/2023\/07\/kureci-balkan-burger.webp","width":640,"height":640},{"@type":"BreadcrumbList","@id":"https:\/\/www.balkaneros.cz\/de\/produkt\/haehnchen-balkan-burger\/#breadcrumb","itemListElement":[{"@type":"ListItem","position":1,"name":"Dom\u016f","item":"https:\/\/www.balkaneros.cz\/de\/restaurant\/"},{"@type":"ListItem","position":2,"name":"E-shop","item":"https:\/\/www.balkaneros.cz\/de\/shop\/"},{"@type":"ListItem","position":3,"name":"H\u00e4hnchen-Balkan-Burger"}]},{"@type":"WebSite","@id":"https:\/\/www.balkaneros.cz\/#website","url":"https:\/\/www.balkaneros.cz\/","name":"Restaurace Balka\u0148eros","description":"Original Croatian Food","publisher":{"@id":"https:\/\/www.balkaneros.cz\/#organization"},"potentialAction":[{"@type":"SearchAction","target":{"@type":"EntryPoint","urlTemplate":"https:\/\/www.balkaneros.cz\/?s={search_term_string}"},"query-input":{"@type":"PropertyValueSpecification","valueRequired":true,"valueName":"search_term_string"}}],"inLanguage":"de"},{"@type":"Organization","@id":"https:\/\/www.balkaneros.cz\/#organization","name":"Restaurace Balka\u0148eros","url":"https:\/\/www.balkaneros.cz\/","logo":{"@type":"ImageObject","inLanguage":"de","@id":"https:\/\/www.balkaneros.cz\/#\/schema\/logo\/image\/","url":"https:\/\/www.balkaneros.cz\/wp-content\/uploads\/2023\/07\/Logo-transp-300x300-2.png","contentUrl":"https:\/\/www.balkaneros.cz\/wp-content\/uploads\/2023\/07\/Logo-transp-300x300-2.png","width":500,"height":500,"caption":"Restaurace Balka\u0148eros"},"image":{"@id":"https:\/\/www.balkaneros.cz\/#\/schema\/logo\/image\/"},"sameAs":["https:\/\/www.facebook.com\/Balkaneros.cz","https:\/\/www.instagram.com\/b.a.l.k.a.n.e.r.o.s\/","https:\/\/goo.gl\/maps\/4uffJ6d8MnX67zV58"]}]}},"_links":{"self":[{"href":"https:\/\/www.balkaneros.cz\/de\/wp-json\/wp\/v2\/product\/5031","targetHints":{"allow":["GET"]}}],"collection":[{"href":"https:\/\/www.balkaneros.cz\/de\/wp-json\/wp\/v2\/product"}],"about":[{"href":"https:\/\/www.balkaneros.cz\/de\/wp-json\/wp\/v2\/types\/product"}],"wp:featuredmedia":[{"embeddable":true,"href":"https:\/\/www.balkaneros.cz\/de\/wp-json\/wp\/v2\/media\/4770"}],"wp:attachment":[{"href":"https:\/\/www.balkaneros.cz\/de\/wp-json\/wp\/v2\/media?parent=5031"}],"wp:term":[{"taxonomy":"product_brand","embeddable":true,"href":"https:\/\/www.balkaneros.cz\/de\/wp-json\/wp\/v2\/product_brand?post=5031"},{"taxonomy":"product_cat","embeddable":true,"href":"https:\/\/www.balkaneros.cz\/de\/wp-json\/wp\/v2\/product_cat?post=5031"},{"taxonomy":"product_tag","embeddable":true,"href":"https:\/\/www.balkaneros.cz\/de\/wp-json\/wp\/v2\/product_tag?post=5031"}],"curies":[{"name":"wp","href":"https:\/\/api.w.org\/{rel}","templated":true}]}}