{"id":4950,"date":"2016-08-01T11:45:20","date_gmt":"2016-08-01T09:45:20","guid":{"rendered":"https:\/\/www.balkaneros.cz\/reservations\/"},"modified":"2024-09-26T13:29:51","modified_gmt":"2024-09-26T11:29:51","slug":"reservations","status":"publish","type":"page","link":"https:\/\/www.balkaneros.cz\/en\/reservations\/","title":{"rendered":"Reservations"},"content":{"rendered":"<p>[et_pb_section fb_built=&#8221;1&#8243; admin_label=&#8221;section&#8221; _builder_version=&#8221;4.16&#8243; global_colors_info=&#8221;{}&#8221;][et_pb_row _builder_version=&#8221;4.21.0&#8243; _module_preset=&#8221;default&#8221; max_width=&#8221;900px&#8221; max_width_tablet=&#8221;900px&#8221; max_width_phone=&#8221;900px&#8221; max_width_last_edited=&#8221;on|desktop&#8221; global_colors_info=&#8221;{}&#8221;][et_pb_column type=&#8221;4_4&#8243; _builder_version=&#8221;4.19.2&#8243; _module_preset=&#8221;default&#8221; global_colors_info=&#8221;{}&#8221;][et_pb_contact_form captcha=&#8221;off&#8221; email=&#8221;objednavky@balkaneros.cz&#8221; title=&#8221;Table reservation&#8221; custom_message=&#8221;Zpr\u00e1va z webu Balakneros.cz-Rezervace stol\u016f||et_pb_line_break_holder||||et_pb_line_break_holder||Odes\u00edlatel: %%name%%||et_pb_line_break_holder||||et_pb_line_break_holder||Telefon: %%phone%%||et_pb_line_break_holder||||et_pb_line_break_holder||Email: %%email%%||et_pb_line_break_holder||||et_pb_line_break_holder||Po\u017eadovan\u00e9 datum: %%datum%%||et_pb_line_break_holder||||et_pb_line_break_holder||Po\u010det lid\u00ed: %%people%%||et_pb_line_break_holder||||et_pb_line_break_holder||Zpr\u00e1va: %%message%%&#8221; success_message=&#8221;Sent! Wait for the restaurant confirmation&#8221; submit_button_text=&#8221;Send reservation&#8221; _builder_version=&#8221;4.22.1&#8243; _module_preset=&#8221;e82d8cbf-cc4b-48d0-90ea-498fc75684c3&#8243; _unique_id=&#8221;37352547-b97b-4413-85e2-b00056b20234&#8243; title_font=&#8221;Aboreto||||||||&#8221; title_font_size=&#8221;37px&#8221; form_field_font=&#8221;Aboreto||||||||&#8221; form_field_font_size=&#8221;18px&#8221; button_bg_color=&#8221;#CA0808&#8243; button_border_width=&#8221;3px&#8221; button_border_color=&#8221;#CA0808&#8243; button_font=&#8221;Aboreto|700|||||||&#8221; hover_enabled=&#8221;0&#8243; title_font_size_tablet=&#8221;37px&#8221; title_font_size_phone=&#8221;30px&#8221; title_font_size_last_edited=&#8221;on|phone&#8221; form_field_font_size_tablet=&#8221;17px&#8221; form_field_font_size_phone=&#8221;15px&#8221; form_field_font_size_last_edited=&#8221;on|desktop&#8221; locked=&#8221;off&#8221; global_colors_info=&#8221;{}&#8221; button_letter_spacing__hover_enabled=&#8221;on|desktop&#8221; button_letter_spacing__hover=&#8221;1px&#8221; sticky_enabled=&#8221;0&#8243;][et_pb_contact_field field_id=&#8221;Name&#8221; field_title=&#8221;Name&#8221; fullwidth_field=&#8221;on&#8221; _builder_version=&#8221;4.21.0&#8243; _module_preset=&#8221;default&#8221; global_colors_info=&#8221;{}&#8221; button_text_size__hover_enabled=&#8221;off&#8221; button_one_text_size__hover_enabled=&#8221;off&#8221; button_two_text_size__hover_enabled=&#8221;off&#8221; button_text_color__hover_enabled=&#8221;off&#8221; button_one_text_color__hover_enabled=&#8221;off&#8221; button_two_text_color__hover_enabled=&#8221;off&#8221; button_border_width__hover_enabled=&#8221;off&#8221; button_one_border_width__hover_enabled=&#8221;off&#8221; button_two_border_width__hover_enabled=&#8221;off&#8221; button_border_color__hover_enabled=&#8221;off&#8221; button_one_border_color__hover_enabled=&#8221;off&#8221; button_two_border_color__hover_enabled=&#8221;off&#8221; button_border_radius__hover_enabled=&#8221;off&#8221; button_one_border_radius__hover_enabled=&#8221;off&#8221; button_two_border_radius__hover_enabled=&#8221;off&#8221; button_letter_spacing__hover_enabled=&#8221;off&#8221; button_one_letter_spacing__hover_enabled=&#8221;off&#8221; button_two_letter_spacing__hover_enabled=&#8221;off&#8221; button_bg_color__hover_enabled=&#8221;off&#8221; button_one_bg_color__hover_enabled=&#8221;off&#8221; button_two_bg_color__hover_enabled=&#8221;off&#8221;][\/et_pb_contact_field][et_pb_contact_field field_id=&#8221;phone&#8221; field_title=&#8221;Phone&#8221; fullwidth_field=&#8221;on&#8221; _builder_version=&#8221;4.21.0&#8243; _module_preset=&#8221;default&#8221; global_colors_info=&#8221;{}&#8221;][\/et_pb_contact_field][et_pb_contact_field field_id=&#8221;Email&#8221; field_title=&#8221;Email&#8221; field_type=&#8221;email&#8221; fullwidth_field=&#8221;on&#8221; _builder_version=&#8221;4.21.0&#8243; _module_preset=&#8221;default&#8221; global_colors_info=&#8221;{}&#8221; button_text_size__hover_enabled=&#8221;off&#8221; button_one_text_size__hover_enabled=&#8221;off&#8221; button_two_text_size__hover_enabled=&#8221;off&#8221; button_text_color__hover_enabled=&#8221;off&#8221; button_one_text_color__hover_enabled=&#8221;off&#8221; button_two_text_color__hover_enabled=&#8221;off&#8221; button_border_width__hover_enabled=&#8221;off&#8221; button_one_border_width__hover_enabled=&#8221;off&#8221; button_two_border_width__hover_enabled=&#8221;off&#8221; button_border_color__hover_enabled=&#8221;off&#8221; button_one_border_color__hover_enabled=&#8221;off&#8221; button_two_border_color__hover_enabled=&#8221;off&#8221; button_border_radius__hover_enabled=&#8221;off&#8221; button_one_border_radius__hover_enabled=&#8221;off&#8221; button_two_border_radius__hover_enabled=&#8221;off&#8221; button_letter_spacing__hover_enabled=&#8221;off&#8221; button_one_letter_spacing__hover_enabled=&#8221;off&#8221; button_two_letter_spacing__hover_enabled=&#8221;off&#8221; button_bg_color__hover_enabled=&#8221;off&#8221; button_one_bg_color__hover_enabled=&#8221;off&#8221; button_two_bg_color__hover_enabled=&#8221;off&#8221;][\/et_pb_contact_field][et_pb_contact_field field_id=&#8221;datum&#8221; field_title=&#8221;Date&#8221; fullwidth_field=&#8221;on&#8221; _builder_version=&#8221;4.21.0&#8243; _module_preset=&#8221;default&#8221; global_colors_info=&#8221;{}&#8221;][\/et_pb_contact_field][et_pb_contact_field field_id=&#8221;people&#8221; field_title=&#8221;Number of people&#8221; fullwidth_field=&#8221;on&#8221; _builder_version=&#8221;4.21.0&#8243; _module_preset=&#8221;default&#8221; global_colors_info=&#8221;{}&#8221;][\/et_pb_contact_field][et_pb_contact_field field_id=&#8221;Message&#8221; field_title=&#8221;Message&#8221; field_type=&#8221;text&#8221; fullwidth_field=&#8221;on&#8221; _builder_version=&#8221;4.21.0&#8243; _module_preset=&#8221;default&#8221; form_field_font=&#8221;Aboreto||||||||&#8221; global_colors_info=&#8221;{}&#8221; button_text_size__hover_enabled=&#8221;off&#8221; button_one_text_size__hover_enabled=&#8221;off&#8221; button_two_text_size__hover_enabled=&#8221;off&#8221; button_text_color__hover_enabled=&#8221;off&#8221; button_one_text_color__hover_enabled=&#8221;off&#8221; button_two_text_color__hover_enabled=&#8221;off&#8221; button_border_width__hover_enabled=&#8221;off&#8221; button_one_border_width__hover_enabled=&#8221;off&#8221; button_two_border_width__hover_enabled=&#8221;off&#8221; button_border_color__hover_enabled=&#8221;off&#8221; button_one_border_color__hover_enabled=&#8221;off&#8221; button_two_border_color__hover_enabled=&#8221;off&#8221; button_border_radius__hover_enabled=&#8221;off&#8221; button_one_border_radius__hover_enabled=&#8221;off&#8221; button_two_border_radius__hover_enabled=&#8221;off&#8221; button_letter_spacing__hover_enabled=&#8221;off&#8221; button_one_letter_spacing__hover_enabled=&#8221;off&#8221; button_two_letter_spacing__hover_enabled=&#8221;off&#8221; button_bg_color__hover_enabled=&#8221;off&#8221; button_one_bg_color__hover_enabled=&#8221;off&#8221; button_two_bg_color__hover_enabled=&#8221;off&#8221;][\/et_pb_contact_field][et_pb_contact_field fullwidth_field=&#8221;on&#8221; _builder_version=&#8221;4.22.1&#8243; _module_preset=&#8221;default&#8221; field_id=&#8221;gdpr&#8221; field_title=&#8221; &#8221; field_type=&#8221;checkbox&#8221; checkbox_options=&#8221;%91{%22value%22:%22 I agree to the processing of my personal data. Privacy Policy %22,%22checked%22:0,%22dragID%22:-1,%22link_url%22:%22\\\/zasady-ochrany-osobnich-udaju\\\/%22}%93&#8243; hover_enabled=&#8221;0&#8243; sticky_enabled=&#8221;0&#8243;][\/et_pb_contact_field][\/et_pb_contact_form][\/et_pb_column][\/et_pb_row][\/et_pb_section]<\/p>\n","protected":false},"excerpt":{"rendered":"","protected":false},"author":1,"featured_media":0,"parent":0,"menu_order":0,"comment_status":"closed","ping_status":"closed","template":"","meta":{"_et_pb_use_builder":"on","_et_pb_old_content":"","_et_gb_content_width":"","footnotes":""},"class_list":["post-4950","page","type-page","status-publish","hentry"],"yoast_head":"<!-- This site is optimized with the Yoast SEO plugin v26.5 - https:\/\/yoast.com\/wordpress\/plugins\/seo\/ -->\n<title>Reservations - Restaurant Balkaneros<\/title>\n<meta name=\"robots\" content=\"index, follow, max-snippet:-1, max-image-preview:large, max-video-preview:-1\" \/>\n<link rel=\"canonical\" href=\"https:\/\/www.balkaneros.cz\/en\/reservations\/\" \/>\n<meta property=\"og:locale\" content=\"en_US\" \/>\n<meta property=\"og:type\" content=\"article\" \/>\n<meta property=\"og:title\" content=\"Reservations - Restaurant Balkaneros\" \/>\n<meta property=\"og:url\" content=\"https:\/\/www.balkaneros.cz\/en\/reservations\/\" \/>\n<meta property=\"og:site_name\" content=\"Restaurant Balkaneros\" \/>\n<meta property=\"article:publisher\" content=\"https:\/\/www.facebook.com\/Balkaneros.cz\" \/>\n<meta property=\"article:modified_time\" content=\"2024-09-26T11:29:51+00:00\" \/>\n<meta name=\"twitter:card\" content=\"summary_large_image\" \/>\n<meta name=\"twitter:label1\" content=\"Est. reading time\" \/>\n\t<meta name=\"twitter:data1\" content=\"5 minutes\" \/>\n<script type=\"application\/ld+json\" class=\"yoast-schema-graph\">{\"@context\":\"https:\/\/schema.org\",\"@graph\":[{\"@type\":\"WebPage\",\"@id\":\"https:\/\/www.balkaneros.cz\/en\/reservations\/\",\"url\":\"https:\/\/www.balkaneros.cz\/en\/reservations\/\",\"name\":\"Reservations - Restaurant Balkaneros\",\"isPartOf\":{\"@id\":\"https:\/\/www.balkaneros.cz\/#website\"},\"datePublished\":\"2016-08-01T09:45:20+00:00\",\"dateModified\":\"2024-09-26T11:29:51+00:00\",\"breadcrumb\":{\"@id\":\"https:\/\/www.balkaneros.cz\/en\/reservations\/#breadcrumb\"},\"inLanguage\":\"en-US\",\"potentialAction\":[{\"@type\":\"ReadAction\",\"target\":[\"https:\/\/www.balkaneros.cz\/en\/reservations\/\"]}]},{\"@type\":\"BreadcrumbList\",\"@id\":\"https:\/\/www.balkaneros.cz\/en\/reservations\/#breadcrumb\",\"itemListElement\":[{\"@type\":\"ListItem\",\"position\":1,\"name\":\"Dom\u016f\",\"item\":\"https:\/\/www.balkaneros.cz\/en\/restaurant\/\"},{\"@type\":\"ListItem\",\"position\":2,\"name\":\"Reservations\"}]},{\"@type\":\"WebSite\",\"@id\":\"https:\/\/www.balkaneros.cz\/#website\",\"url\":\"https:\/\/www.balkaneros.cz\/\",\"name\":\"Restaurace Balka\u0148eros\",\"description\":\"Original Croatian Food\",\"publisher\":{\"@id\":\"https:\/\/www.balkaneros.cz\/#organization\"},\"potentialAction\":[{\"@type\":\"SearchAction\",\"target\":{\"@type\":\"EntryPoint\",\"urlTemplate\":\"https:\/\/www.balkaneros.cz\/?s={search_term_string}\"},\"query-input\":{\"@type\":\"PropertyValueSpecification\",\"valueRequired\":true,\"valueName\":\"search_term_string\"}}],\"inLanguage\":\"en-US\"},{\"@type\":\"Organization\",\"@id\":\"https:\/\/www.balkaneros.cz\/#organization\",\"name\":\"Restaurace Balka\u0148eros\",\"url\":\"https:\/\/www.balkaneros.cz\/\",\"logo\":{\"@type\":\"ImageObject\",\"inLanguage\":\"en-US\",\"@id\":\"https:\/\/www.balkaneros.cz\/#\/schema\/logo\/image\/\",\"url\":\"https:\/\/www.balkaneros.cz\/wp-content\/uploads\/2023\/07\/Logo-transp-300x300-2.png\",\"contentUrl\":\"https:\/\/www.balkaneros.cz\/wp-content\/uploads\/2023\/07\/Logo-transp-300x300-2.png\",\"width\":500,\"height\":500,\"caption\":\"Restaurace Balka\u0148eros\"},\"image\":{\"@id\":\"https:\/\/www.balkaneros.cz\/#\/schema\/logo\/image\/\"},\"sameAs\":[\"https:\/\/www.facebook.com\/Balkaneros.cz\",\"https:\/\/www.instagram.com\/b.a.l.k.a.n.e.r.o.s\/\",\"https:\/\/goo.gl\/maps\/4uffJ6d8MnX67zV58\"]}]}<\/script>\n<!-- \/ Yoast SEO plugin. -->","yoast_head_json":{"title":"Reservations - Restaurant Balkaneros","robots":{"index":"index","follow":"follow","max-snippet":"max-snippet:-1","max-image-preview":"max-image-preview:large","max-video-preview":"max-video-preview:-1"},"canonical":"https:\/\/www.balkaneros.cz\/en\/reservations\/","og_locale":"en_US","og_type":"article","og_title":"Reservations - Restaurant Balkaneros","og_url":"https:\/\/www.balkaneros.cz\/en\/reservations\/","og_site_name":"Restaurant Balkaneros","article_publisher":"https:\/\/www.facebook.com\/Balkaneros.cz","article_modified_time":"2024-09-26T11:29:51+00:00","twitter_card":"summary_large_image","twitter_misc":{"Est. reading time":"5 minutes"},"schema":{"@context":"https:\/\/schema.org","@graph":[{"@type":"WebPage","@id":"https:\/\/www.balkaneros.cz\/en\/reservations\/","url":"https:\/\/www.balkaneros.cz\/en\/reservations\/","name":"Reservations - Restaurant Balkaneros","isPartOf":{"@id":"https:\/\/www.balkaneros.cz\/#website"},"datePublished":"2016-08-01T09:45:20+00:00","dateModified":"2024-09-26T11:29:51+00:00","breadcrumb":{"@id":"https:\/\/www.balkaneros.cz\/en\/reservations\/#breadcrumb"},"inLanguage":"en-US","potentialAction":[{"@type":"ReadAction","target":["https:\/\/www.balkaneros.cz\/en\/reservations\/"]}]},{"@type":"BreadcrumbList","@id":"https:\/\/www.balkaneros.cz\/en\/reservations\/#breadcrumb","itemListElement":[{"@type":"ListItem","position":1,"name":"Dom\u016f","item":"https:\/\/www.balkaneros.cz\/en\/restaurant\/"},{"@type":"ListItem","position":2,"name":"Reservations"}]},{"@type":"WebSite","@id":"https:\/\/www.balkaneros.cz\/#website","url":"https:\/\/www.balkaneros.cz\/","name":"Restaurace Balka\u0148eros","description":"Original Croatian Food","publisher":{"@id":"https:\/\/www.balkaneros.cz\/#organization"},"potentialAction":[{"@type":"SearchAction","target":{"@type":"EntryPoint","urlTemplate":"https:\/\/www.balkaneros.cz\/?s={search_term_string}"},"query-input":{"@type":"PropertyValueSpecification","valueRequired":true,"valueName":"search_term_string"}}],"inLanguage":"en-US"},{"@type":"Organization","@id":"https:\/\/www.balkaneros.cz\/#organization","name":"Restaurace Balka\u0148eros","url":"https:\/\/www.balkaneros.cz\/","logo":{"@type":"ImageObject","inLanguage":"en-US","@id":"https:\/\/www.balkaneros.cz\/#\/schema\/logo\/image\/","url":"https:\/\/www.balkaneros.cz\/wp-content\/uploads\/2023\/07\/Logo-transp-300x300-2.png","contentUrl":"https:\/\/www.balkaneros.cz\/wp-content\/uploads\/2023\/07\/Logo-transp-300x300-2.png","width":500,"height":500,"caption":"Restaurace Balka\u0148eros"},"image":{"@id":"https:\/\/www.balkaneros.cz\/#\/schema\/logo\/image\/"},"sameAs":["https:\/\/www.facebook.com\/Balkaneros.cz","https:\/\/www.instagram.com\/b.a.l.k.a.n.e.r.o.s\/","https:\/\/goo.gl\/maps\/4uffJ6d8MnX67zV58"]}]}},"_links":{"self":[{"href":"https:\/\/www.balkaneros.cz\/en\/wp-json\/wp\/v2\/pages\/4950","targetHints":{"allow":["GET"]}}],"collection":[{"href":"https:\/\/www.balkaneros.cz\/en\/wp-json\/wp\/v2\/pages"}],"about":[{"href":"https:\/\/www.balkaneros.cz\/en\/wp-json\/wp\/v2\/types\/page"}],"author":[{"embeddable":true,"href":"https:\/\/www.balkaneros.cz\/en\/wp-json\/wp\/v2\/users\/1"}],"replies":[{"embeddable":true,"href":"https:\/\/www.balkaneros.cz\/en\/wp-json\/wp\/v2\/comments?post=4950"}],"version-history":[{"count":5,"href":"https:\/\/www.balkaneros.cz\/en\/wp-json\/wp\/v2\/pages\/4950\/revisions"}],"predecessor-version":[{"id":4955,"href":"https:\/\/www.balkaneros.cz\/en\/wp-json\/wp\/v2\/pages\/4950\/revisions\/4955"}],"wp:attachment":[{"href":"https:\/\/www.balkaneros.cz\/en\/wp-json\/wp\/v2\/media?parent=4950"}],"curies":[{"name":"wp","href":"https:\/\/api.w.org\/{rel}","templated":true}]}}